{"id":209064,"date":"2022-06-30T17:03:44","date_gmt":"2022-06-30T16:03:44","guid":{"rendered":"https:\/\/evolution-timecritical.com\/unterstuetzung\/datenschutzbestimmungen\/"},"modified":"2023-10-03T11:08:59","modified_gmt":"2023-10-03T10:08:59","slug":"datenschutzbestimmungen","status":"publish","type":"page","link":"https:\/\/evolution-timecritical.com\/de\/unterstuetzung\/datenschutzbestimmungen\/","title":{"rendered":"Datenschutzbestimmungen"},"content":{"rendered":"\n<p><strong>Zuletzt aktualisiert am 27. Juni 2019  <\/strong> <\/p>\n\n<p>Vielen Dank, dass Sie sich entschieden haben, Teil unserer Gemeinschaft bei Evolution Logistics Ltd , handelnd unter dem Namen Evolution Time Critical (&#8220;Evolution Time Critical&#8221;, &#8220;wir&#8221;, &#8220;uns&#8221; oder &#8220;unser&#8221;) zu sein. Wir verpflichten uns, Ihre pers\u00f6nlichen Daten und Ihr Recht auf Privatsph\u00e4re zu sch\u00fctzen. Wenn Sie Fragen oder Bedenken zu unserer Politik oder unseren Praktiken in Bezug auf Ihre pers\u00f6nlichen Daten haben, kontaktieren Sie uns bitte unter <a href=\"mailto:info@evolution-timecritical.com\">info@evolution-timecritical.com.<\/a><\/p>\n\n<p>Wenn Sie unsere Website https:\/\/evolution-timecritical.com\/en\/ besuchen und unsere Dienste nutzen, vertrauen Sie uns Ihre pers\u00f6nlichen Daten an. Wir nehmen Ihre Privatsph\u00e4re sehr ernst. In diesem Datenschutzhinweis beschreiben wir unsere Datenschutzpolitik. Wir versuchen, Ihnen so klar wie m\u00f6glich zu erkl\u00e4ren, welche Daten wir sammeln, wie wir sie verwenden und welche Rechte Sie in Bezug auf diese Daten haben. Wir hoffen, dass Sie sich etwas Zeit nehmen, um ihn sorgf\u00e4ltig durchzulesen, denn er ist wichtig. Sollten Sie mit einigen Bestimmungen dieser Datenschutzrichtlinie nicht einverstanden sein, stellen Sie bitte die Nutzung unserer Websites und unserer Dienste ein.<\/p>\n\n<p>Diese Datenschutzrichtlinie gilt f\u00fcr alle Informationen, die \u00fcber unsere Website (z. B. https:\/\/evolution-timecritical.com\/en\/) und\/oder damit zusammenh\u00e4ngende Dienstleistungen, Verk\u00e4ufe, Marketing oder Veranstaltungen gesammelt werden (wir bezeichnen sie in dieser Datenschutzrichtlinie zusammenfassend als die<strong>&#8220;Seiten<\/strong>&#8220;).  <\/p>\n\n<p><strong>Bitte lesen Sie diese Datenschutzrichtlinie sorgf\u00e4ltig durch, da sie Ihnen helfen wird, fundierte Entscheidungen \u00fcber die Weitergabe Ihrer pers\u00f6nlichen Daten an uns zu treffen.  <\/strong> <\/p>\n\n<p><strong>INHALTSVERZEICHNIS  <\/strong> <\/p>\n\n<p><a href=\"https:\/\/evolution-timecritical.com\/de\/unterstuetzung\/datenschutzbestimmungen\/#infocollect\">1. WELCHE INFORMATIONEN SAMMELN WIR?<\/a><\/p>\n\n<p><a href=\"https:\/\/evolution-timecritical.com\/de\/unterstuetzung\/datenschutzbestimmungen\/#infouse\">2. WIE VERWENDEN WIR IHRE INFORMATIONEN?<\/a><\/p>\n\n<p><a href=\"https:\/\/evolution-timecritical.com\/de\/unterstuetzung\/datenschutzbestimmungen\/#infoshare\">3. WERDEN IHRE INFORMATIONEN AN DRITTE WEITERGEGEBEN?<\/a> <\/p>\n\n<p><a href=\"https:\/\/evolution-timecritical.com\/de\/unterstuetzung\/datenschutzbestimmungen\/#whoshare\">4. AN WEN WERDEN IHRE INFORMATIONEN WEITERGEGEBEN?<\/a>    <\/p>\n\n<p><a href=\"https:\/\/evolution-timecritical.com\/de\/unterstuetzung\/datenschutzbestimmungen\/#cookies\">5. VERWENDEN WIR COOKIES UND ANDERE TRACKING-TECHNOLOGIEN?<\/a>      <\/p>\n\n<p><a href=\"https:\/\/evolution-timecritical.com\/de\/unterstuetzung\/datenschutzbestimmungen\/#inforetain\">6. WIE LANGE BEWAHREN WIR IHRE INFORMATIONEN AUF?<\/a><\/p>\n\n<p><a href=\"https:\/\/evolution-timecritical.com\/de\/unterstuetzung\/datenschutzbestimmungen\/#infosafe\">7. WIE BEWAHREN WIR IHRE INFORMATIONEN SICHER AUF?<\/a>  <\/p>\n\n<p><a href=\"https:\/\/evolution-timecritical.com\/de\/unterstuetzung\/datenschutzbestimmungen\/#infominors\">8. SAMMELN WIR INFORMATIONEN VON MINDERJ\u00c4HRIGEN?<\/a>  <\/p>\n\n<p><a href=\"https:\/\/evolution-timecritical.com\/de\/unterstuetzung\/datenschutzbestimmungen\/#privacyrights\">9. WELCHE RECHTE HABEN SIE IN BEZUG AUF IHRE PRIVATSPH\u00c4RE?<\/a><\/p>\n\n<p><a href=\"https:\/\/evolution-timecritical.com\/de\/unterstuetzung\/datenschutzbestimmungen\/#DNT\">10. STEUERELEMENTE F\u00dcR &#8220;NICHT VERFOLGEN&#8221;-FUNKTIONEN<\/a> <\/p>\n\n<p><a href=\"https:\/\/evolution-timecritical.com\/de\/unterstuetzung\/datenschutzbestimmungen\/#caresidents\">11. HABEN IN KALIFORNIEN ANS\u00c4SSIGE PERSONEN BESONDERE DATENSCHUTZRECHTE?<\/a> <\/p>\n\n<p><a href=\"https:\/\/evolution-timecritical.com\/de\/unterstuetzung\/datenschutzbestimmungen\/#policyupdates\">12. AKTUALISIEREN WIR DIESE RICHTLINIE?<\/a><\/p>\n\n<p><a href=\"https:\/\/evolution-timecritical.com\/de\/unterstuetzung\/datenschutzbestimmungen\/#contact\">13. WIE K\u00d6NNEN SIE UNS BEZ\u00dcGLICH DIESER POLITIK KONTAKTIEREN?<\/a><\/p>\n\n<p id=\"infocollect\"><strong>1. WELCHE INFORMATIONEN SAMMELN WIR?  <\/strong> <\/p>\n\n<p><strong>Pers\u00f6nliche Informationen, die Sie uns mitteilen<\/strong> <\/p>\n\n<p><strong><em>Kurz gefasst:<\/em> <\/strong><em>Wir sammeln pers\u00f6nliche Daten, die Sie uns zur Verf\u00fcgung stellen, wie Name, Adresse, Kontaktinformationen, Passw\u00f6rter und Sicherheitsdaten sowie Zahlungsinformationen.<\/em>  <\/p>\n\n<p>Wir erfassen personenbezogene Daten, die Sie uns freiwillig zur Verf\u00fcgung stellen, wenn Sie Ihr Interesse an Informationen \u00fcber uns oder unsere Produkte und Dienstleistungen bekunden, wenn Sie an Aktivit\u00e4ten auf den Websites teilnehmen oder uns anderweitig kontaktieren.  <\/p>\n\n<p>Die pers\u00f6nlichen Daten, die wir sammeln, h\u00e4ngen vom Kontext Ihrer Interaktionen mit uns und den Websites, den von Ihnen getroffenen Entscheidungen und den von Ihnen verwendeten Produkten und Funktionen ab. Zu den von uns gesammelten personenbezogenen Daten k\u00f6nnen die folgenden geh\u00f6ren:<\/p>\n\n<p><strong>Name und Kontaktangaben.<\/strong>  Wir erfassen Ihren Vor- und Nachnamen, Ihre E-Mail-Adresse, Ihre Postanschrift, Ihre Telefonnummer und andere \u00e4hnliche Kontaktinformationen.<\/p>\n\n<p><strong>Berechtigungsnachweise.<\/strong>  Wir erfassen Passw\u00f6rter, Passwort-Hinweise und \u00e4hnliche Sicherheitsinformationen, die f\u00fcr die Authentifizierung und den Kontozugang verwendet werden.<\/p>\n\n<p><strong>Zahlungsdaten.<\/strong>  Wir erfassen Daten, die f\u00fcr die Abwicklung Ihrer Zahlung erforderlich sind, wenn Sie Eink\u00e4ufe t\u00e4tigen, wie z. B. die Nummer Ihres Zahlungsmittels (z. B. eine Kreditkartennummer) und den mit Ihrem Zahlungsmittel verbundenen Sicherheitscode. Alle Zahlungsdaten werden von unserem Zahlungsabwickler gespeichert und Sie sollten dessen Datenschutzrichtlinien lesen und sich direkt an den Zahlungsabwickler wenden, um Ihre Fragen zu beantworten.  <\/p>\n\n<p>Alle personenbezogenen Daten, die Sie uns zur Verf\u00fcgung stellen, m\u00fcssen wahrheitsgem\u00e4\u00df, vollst\u00e4ndig und genau sein, und Sie m\u00fcssen uns \u00fcber alle \u00c4nderungen dieser personenbezogenen Daten informieren.  <\/p>\n\n<p><strong>Automatisch erfasste Informationen<\/strong> <\/p>\n\n<p><strong><em>Kurz gefasst:<\/em> <\/strong><em>Einige Informationen &#8211; wie z. B. die IP-Adresse und\/oder Browser- und Ger\u00e4teeigenschaften &#8211; werden automatisch erfasst, wenn Sie unsere Websites besuchen.<\/em><\/p>\n\n<p>Wir erfassen automatisch bestimmte Informationen, wenn Sie die Websites besuchen, nutzen oder auf ihnen navigieren. Diese Informationen geben keinen Aufschluss \u00fcber Ihre Identit\u00e4t (wie z. B. Ihren Namen oder Ihre Kontaktdaten), k\u00f6nnen aber Ger\u00e4te- und Nutzungsdaten enthalten, wie z. B. Ihre IP-Adresse, Browser- und Ger\u00e4teeigenschaften, Betriebssystem, Spracheinstellungen, verweisende URLs, Ger\u00e4tename, Land, Standort, Informationen dar\u00fcber, wie und wann Sie unsere Websites nutzen, und andere technische Informationen. Diese Informationen werden in erster Linie ben\u00f6tigt, um die Sicherheit und den Betrieb unserer Websites aufrechtzuerhalten, sowie f\u00fcr unsere internen Analysen und Berichte.  <\/p>\n\n<p>Wie viele andere Unternehmen sammeln auch wir Informationen durch Cookies und \u00e4hnliche Technologien.  <\/p>\n\n<p><strong>Aus anderen Quellen gesammelte Informationen<\/strong> <\/p>\n\n<p><strong>\n  <em>Kurz gefasst: <\/em>\n<\/strong><em>Wir k\u00f6nnen in begrenztem Umfang Daten von \u00f6ffentlichen Datenbanken, Marketingpartnern und anderen externen Quellen sammeln. <\/em>   <\/p>\n\n<p>Wir k\u00f6nnen Informationen \u00fcber Sie aus anderen Quellen erhalten, z. B. aus \u00f6ffentlichen Datenbanken, von gemeinsamen Marketingpartnern und von anderen Dritten. Beispiele f\u00fcr Informationen, die wir aus anderen Quellen erhalten, sind: Profilinformationen in sozialen Medien, Marketing-Leads sowie Suchergebnisse und Links, einschlie\u00dflich bezahlter Angebote (wie gesponserte Links).  <\/p>\n\n<p id=\"infouse\"><strong>2. WIE VERWENDEN WIR IHRE INFORMATIONEN?  <\/strong> <\/p>\n\n<p><strong>\n  <em>Kurz gefasst: <\/em>\n<\/strong><em>Wir verarbeiten Ihre Daten f\u00fcr Zwecke, die auf berechtigten Gesch\u00e4ftsinteressen, der Erf\u00fcllung unseres Vertrags mit Ihnen, der Einhaltung unserer gesetzlichen Verpflichtungen und\/oder Ihrer Zustimmung beruhen.<\/em>  <\/p>\n\n<p>Wir verwenden personenbezogene Daten, die \u00fcber unsere Websites gesammelt werden, f\u00fcr eine Reihe von Gesch\u00e4ftszwecken, die im Folgenden beschrieben werden. Wir verarbeiten Ihre personenbezogenen Daten zu diesen Zwecken auf der Grundlage unserer berechtigten Gesch\u00e4ftsinteressen (Gesch\u00e4ftszwecke&#8221;), um einen Vertrag mit Ihnen abzuschlie\u00dfen oder zu erf\u00fcllen (vertraglich&#8221;), mit Ihrer Zustimmung (Zustimmung&#8221;) und\/oder zur Erf\u00fcllung unserer rechtlichen Verpflichtungen (rechtliche Gr\u00fcnde&#8221;). Wir geben die spezifischen Verarbeitungsgr\u00fcnde, auf die wir uns st\u00fctzen, neben jedem der unten aufgef\u00fchrten Zwecke an.  <\/p>\n\n<p>Wir verwenden die Informationen, die wir sammeln oder erhalten:  <br\/><\/p>\n\n<ul class=\"wp-block-list\">\n<li><strong>To send administrative information to you.<\/strong>\u00a0We may use your personal information to send you product, service and new feature information and\/or information about changes to our terms, conditions, and policies.\u00a0\u00a0\u00a0\u00a0\u00a0\u00a0\u00a0\u00a0\u00a0\u00a0<br\/><\/li>\n\n\n\n<li><strong>Fulfill and manage your orders.<\/strong>\u00a0We may use your information to fulfill and manage your orders, payments, returns, and exchanges made through the\u00a0Sites\u00a0.\u00a0\u00a0\u00a0\u00a0<\/li>\n<\/ul>\n\n<p id=\"infoshare\"><strong>3. WERDEN IHRE INFORMATIONEN AN DRITTE WEITERGEGEBEN?  <\/strong> <\/p>\n\n<p><strong>\n  <em>Kurz gesagt: <\/em>\n<\/strong><em>Wir geben Daten nur mit Ihrem Einverst\u00e4ndnis weiter, um Gesetze einzuhalten, Ihre Rechte zu sch\u00fctzen oder um gesch\u00e4ftliche Verpflichtungen zu erf\u00fcllen. <\/em> Wir k\u00f6nnen Daten auf der Grundlage der folgenden Rechtsgrundlage verarbeiten oder weitergeben:<\/p>\n\n<ul class=\"wp-block-list\">\n<li><strong>Consent:<\/strong>\u00a0We may process your data if you have given us specific consent to use your personal information in a specific purpose.\u00a0<br\/><\/li>\n\n\n\n<li><strong>Legitimate Interests:<\/strong>\u00a0We may process your data when it is reasonably necessary to achieve our legitimate business interests.\u00a0<br\/><\/li>\n\n\n\n<li><strong>Performance of a Contract:\u00a0<\/strong>Where we have entered into a contract with you, we may process your personal information to fulfill the terms of our contract.\u00a0<br\/><\/li>\n\n\n\n<li><strong>Legal Obligations:<\/strong>\u00a0We may disclose your information where we are legally required to do so in order to comply with applicable law, governmental requests, a judicial proceeding, court order, or legal process, such as in response to a court order or a subpoena (including in response to public authorities to meet national security or law enforcement requirements).\u00a0<br\/><\/li>\n\n\n\n<li><strong>Vital Interests:<\/strong>\u00a0We may disclose your information where we believe it is necessary to investigate, prevent, or take action regarding potential violations of our policies, suspected fraud, situations involving potential threats to the safety of any person and illegal activities, or as evidence in litigation in which we are involved.<\/li>\n<\/ul>\n\n<p>Insbesondere in den folgenden F\u00e4llen kann es erforderlich sein, dass wir Ihre Daten verarbeiten oder Ihre pers\u00f6nlichen Informationen weitergeben:  <\/p>\n\n<ul class=\"wp-block-list\">\n<li><strong>Vendors, Consultants and Other Third-Party Service Providers.<\/strong>\u00a0We may share your data with third party vendors, service providers, contractors or agents who perform services for us or on our behalf and require access to such information to do that work. Examples include: payment processing, data analysis, email delivery, hosting services, customer service and marketing efforts. We may allow selected third parties to use tracking technology on the\u00a0Sites\u00a0, which will enable them to collect data about how you interact with the\u00a0Sites\u00a0over time. This information may be used to, among other things, analyze and track data, determine the popularity of certain content and better understand online activity. Unless described in this Policy, we do not share, sell, rent or trade any of your information with third parties for their promotional purposes.\u00a0\u00a0\u00a0\u00a0<br\/><\/li>\n\n\n\n<li><strong>Business Transfers.<\/strong>\u00a0We may share or transfer your information in connection with, or during negotiations of, any merger, sale of company assets, financing, or acquisition of all or a portion of our business to another company.\u00a0\u00a0\u00a0\u00a0\u00a0\u00a0\u00a0\u00a0\u00a0<\/li>\n<\/ul>\n\n<p id=\"whoshare\"><strong>4. AN WEN WERDEN IHRE INFORMATIONEN WEITERGEGEBEN? <\/strong> <strong><em>Kurzum: <\/em> <\/strong><em>Wir geben Ihre Daten nur an die folgenden Dritten weiter.<\/em> Wir geben Ihre Informationen nur an die folgenden Dritten weiter und legen sie offen. Wir haben jede Partei in Kategorien eingeteilt, damit Sie den Zweck unserer Datenerfassung und -verarbeitung leicht verstehen k\u00f6nnen. Wenn wir Ihre Daten auf der Grundlage Ihrer Einwilligung verarbeitet haben und Sie Ihre Einwilligung widerrufen m\u00f6chten, wenden Sie sich bitte an uns.  <\/p>\n\n<ul class=\"wp-block-list\">\n<li><strong>Web and Mobile Analytics<\/strong><br\/>Google Analytics<\/li>\n<\/ul>\n\n<p><strong>5. VERWENDEN WIR COOKIES UND ANDERE TRACKING-TECHNOLOGIEN?<\/strong><\/p>\n\n<p><strong>\n  <em>Kurz gefasst: <\/em>\n<\/strong><em>Wir k\u00f6nnen Cookies und andere Tracking-Technologien verwenden, um Ihre Daten zu erfassen und zu speichern.<\/em>  <\/p>\n\n<p>Wir k\u00f6nnen Cookies und \u00e4hnliche Tracking-Technologien (wie Web-Beacons und Pixel) verwenden, um Informationen abzurufen oder zu speichern. Spezifische Informationen dar\u00fcber, wie wir solche Technologien verwenden und wie Sie bestimmte Cookies ablehnen k\u00f6nnen, finden Sie in unserer Cookie-Richtlinie.  <\/p>\n\n<p id=\"inforetain\"><strong>6. WIE LANGE BEWAHREN WIR IHRE INFORMATIONEN AUF?  <\/strong><\/p>\n\n<p><strong>\n  <em>Kurz gefasst: <\/em>\n<\/strong><em>Wir bewahren Ihre Daten so lange auf, wie es f\u00fcr die Erf\u00fcllung der in dieser Datenschutzrichtlinie genannten Zwecke erforderlich ist, sofern keine anders lautenden gesetzlichen Bestimmungen vorliegen.<\/em>  <\/p>\n\n<p>Wir bewahren Ihre personenbezogenen Daten nur so lange auf, wie es f\u00fcr die in dieser Datenschutzrichtlinie genannten Zwecke erforderlich ist, es sei denn, eine l\u00e4ngere Aufbewahrungsfrist ist gesetzlich vorgeschrieben oder zul\u00e4ssig (z. B. aus steuerlichen, buchhalterischen oder anderen rechtlichen Gr\u00fcnden). Kein Zweck dieser Richtlinie erfordert, dass wir Ihre pers\u00f6nlichen Daten l\u00e4nger als 2 Jahre aufbewahren.<\/p>\n\n<p>Wenn wir keine weitere legitime gesch\u00e4ftliche Notwendigkeit haben, Ihre personenbezogenen Daten zu verarbeiten, werden wir sie entweder l\u00f6schen oder anonymisieren, oder, falls dies nicht m\u00f6glich ist (z. B. weil Ihre personenbezogenen Daten in Sicherungsarchiven gespeichert wurden), werden wir Ihre personenbezogenen Daten sicher aufbewahren und von jeder weiteren Verarbeitung isolieren, bis eine L\u00f6schung m\u00f6glich ist.<\/p>\n\n<p id=\"infosafe\"><strong>7. WIE BEWAHREN WIR IHRE INFORMATIONEN SICHER AUF?  <\/strong><\/p>\n\n<p><strong>\n  <em>Kurz gefasst: <\/em>\n<\/strong><em>Wir sind bestrebt, Ihre pers\u00f6nlichen Daten durch ein System von organisatorischen und technischen Sicherheitsma\u00dfnahmen zu sch\u00fctzen.<\/em> <\/p>\n\n<p>Wir haben angemessene technische und organisatorische Sicherheitsma\u00dfnahmen getroffen, um die Sicherheit der von uns verarbeiteten personenbezogenen Daten zu sch\u00fctzen. Bitte bedenken Sie aber auch, dass wir nicht garantieren k\u00f6nnen, dass das Internet selbst 100% sicher ist. Obwohl wir unser Bestes tun, um Ihre pers\u00f6nlichen Daten zu sch\u00fctzen, erfolgt die \u00dcbertragung pers\u00f6nlicher Daten zu und von unseren Websites auf Ihr eigenes Risiko. Sie sollten nur innerhalb einer sicheren Umgebung auf die Dienste zugreifen.  <\/p>\n\n<p id=\"infominors\"><strong>8. SAMMELN WIR INFORMATIONEN VON MINDERJ\u00c4HRIGEN?<\/strong><\/p>\n\n<p><strong>\n  <em>Kurz gesagt: <\/em>\n<\/strong><em>Wir sammeln nicht wissentlich Daten von Kindern unter 13 Jahren und vermarkten diese auch nicht.<\/em><\/p>\n\n<p>Wir bitten nicht wissentlich um Daten von Kindern unter 13 Jahren und vermarkten diese auch nicht an sie. Durch die Nutzung der Seiten erkl\u00e4ren Sie, dass Sie mindestens 13 Jahre alt sind oder dass Sie der Elternteil oder Erziehungsberechtigte eines solchen Minderj\u00e4hrigen sind und der Nutzung der Seiten durch diesen Minderj\u00e4hrigen zustimmen. Wenn wir erfahren, dass personenbezogene Daten von Nutzern unter 18 Jahren gesammelt wurden, werden wir das Konto deaktivieren und angemessene Ma\u00dfnahmen ergreifen, um diese Daten unverz\u00fcglich aus unseren Aufzeichnungen zu l\u00f6schen. Wenn Sie von Daten erfahren, die wir von Kindern unter 13 Jahren gesammelt haben, kontaktieren Sie uns bitte unter <a href=\"mailto:info@evolution-timecritical.com\">info@evolution-timecritical.com<\/a>.  <\/p>\n\n<p id=\"privacyrights\"><strong>9. WELCHE RECHTE HABEN SIE IN BEZUG AUF IHRE PRIVATSPH\u00c4RE?  <\/strong><\/p>\n\n<p><strong><em>Zusammengefasst:  <\/em><\/strong><em>In einigen Regionen, z. B. im Europ\u00e4ischen Wirtschaftsraum, haben Sie Rechte, die Ihnen mehr Zugang zu und Kontrolle \u00fcber Ihre pers\u00f6nlichen Daten erm\u00f6glichen. Sie k\u00f6nnen Ihr Konto jederzeit \u00fcberpr\u00fcfen, \u00e4ndern oder k\u00fcndigen.<\/em><\/p>\n\n<p>In einigen Regionen (z. B. im Europ\u00e4ischen Wirtschaftsraum) haben Sie nach den geltenden Datenschutzgesetzen bestimmte Rechte. Dazu kann das Recht geh\u00f6ren (i) Zugang zu Ihren personenbezogenen Daten zu verlangen und eine Kopie davon zu erhalten, (ii) eine Berichtigung oder L\u00f6schung zu verlangen; (iii) die Verarbeitung Ihrer personenbezogenen Daten einzuschr\u00e4nken; und (iv) gegebenenfalls die Daten\u00fcbertragbarkeit. Unter bestimmten Umst\u00e4nden k\u00f6nnen Sie auch das Recht haben, der Verarbeitung Ihrer personenbezogenen Daten zu widersprechen. F\u00fcr eine solche Anfrage verwenden Sie bitte die unten angegebenen <a href=\"https:\/\/evolution-timecritical.com\/de\/unterstuetzung\/datenschutzbestimmungen\/#contact\">Kontaktdaten<\/a>. Wir werden jeden Antrag in \u00dcbereinstimmung mit den geltenden Datenschutzgesetzen pr\u00fcfen und bearbeiten.  <\/p>\n\n<p>Wenn wir uns auf Ihre Zustimmung zur Verarbeitung Ihrer personenbezogenen Daten st\u00fctzen, haben Sie das Recht, Ihre Zustimmung jederzeit zu widerrufen. Bitte beachten Sie jedoch, dass dies die Rechtm\u00e4\u00dfigkeit der Verarbeitung vor ihrem Widerruf nicht ber\u00fchrt.<\/p>\n\n<p>Wenn Sie Ihren Wohnsitz im Europ\u00e4ischen Wirtschaftsraum haben und der Meinung sind, dass wir Ihre personenbezogenen Daten unrechtm\u00e4\u00dfig verarbeiten, haben Sie au\u00dferdem das Recht, sich bei Ihrer \u00f6rtlichen Datenschutzaufsichtsbeh\u00f6rde zu beschweren. Die Kontaktdaten finden Sie hier: <a rel=\"noreferrer noopener\" href=\"https:\/\/ec.europa.eu\/justice\/data-protection\/bodies\/authorities\/index_en.htm\" target=\"_blank\">https:\/\/ec.europa.eu\/justice\/data-protection\/bodies\/authorities\/index_en.htm<\/a>       <\/p>\n\n<p><strong><u>Cookies und \u00e4hnliche Technologien:<\/u> <\/strong> Die meisten Webbrowser sind so eingestellt, dass sie Cookies standardm\u00e4\u00dfig akzeptieren. Wenn Sie es vorziehen, k\u00f6nnen Sie in der Regel Ihren Browser so einstellen, dass er Cookies entfernt oder ablehnt. Wenn Sie sich entscheiden, Cookies zu entfernen oder abzulehnen, kann dies bestimmte Funktionen oder Dienste unserer Websites beeintr\u00e4chtigen. Um interessenbezogene Werbung durch Werbetreibende auf unseren Websites abzulehnen, besuchen Sie <a rel=\"noreferrer noopener\" href=\"https:\/\/www.aboutads.info\/choices\/\" target=\"_blank\">https:\/\/www.aboutads.info\/choices\/<\/a>.  <\/p>\n\n<p id=\"DNT\"><strong>10. STEUERELEMENTE F\u00dcR &#8220;NICHT VERFOLGEN&#8221;-FUNKTIONEN  <\/strong> <\/p>\n\n<p>Die meisten Webbrowser und einige mobile Betriebssysteme und Anwendungen enthalten eine &#8220;Do-Not-Track&#8221;-Funktion oder -Einstellung, die Sie aktivieren k\u00f6nnen, um zu signalisieren, dass Sie nicht m\u00f6chten, dass Daten \u00fcber Ihre Online-Browsing-Aktivit\u00e4ten \u00fcberwacht und gesammelt werden. Ein einheitlicher Technologiestandard f\u00fcr die Erkennung und Umsetzung von DNT-Signalen steht noch nicht fest. Daher reagieren wir derzeit nicht auf DNT-Browsersignale oder andere Mechanismen, die automatisch mitteilen, dass Sie nicht online verfolgt werden m\u00f6chten. Sollte ein Standard f\u00fcr die Online-Verfolgung verabschiedet werden, den wir in Zukunft befolgen m\u00fcssen, werden wir Sie in einer \u00fcberarbeiteten Version dieser Datenschutzrichtlinie \u00fcber diese Praxis informieren.  <\/p>\n\n<p id=\"caresidents\"><strong>11. HABEN IN KALIFORNIEN ANS\u00c4SSIGE PERSONEN BESONDERE DATENSCHUTZRECHTE?<\/strong><\/p>\n\n<p><strong>\n  <em>Kurz gefasst: <\/em>\n<\/strong><em>Ja, wenn Sie in Kalifornien ans\u00e4ssig sind, haben Sie bestimmte Rechte in Bezug auf den Zugang zu Ihren pers\u00f6nlichen Daten. <\/em>  <\/p>\n\n<p>Abschnitt 1798.83 des kalifornischen B\u00fcrgerlichen Gesetzbuchs, auch bekannt als &#8220;Shine The Light&#8221;-Gesetz, erlaubt es unseren Nutzern, die in Kalifornien ans\u00e4ssig sind, einmal im Jahr kostenlos Informationen \u00fcber die Kategorien personenbezogener Daten (falls vorhanden), die wir zu Direktmarketingzwecken an Dritte weitergegeben haben, sowie die Namen und Adressen aller Dritten, mit denen wir im unmittelbar vorangegangenen Kalenderjahr personenbezogene Daten ausgetauscht haben, anzufordern und zu erhalten. Wenn Sie in Kalifornien ans\u00e4ssig sind und einen solchen Antrag stellen m\u00f6chten, reichen Sie ihn bitte schriftlich bei uns ein, indem Sie die unten angegebenen Kontaktinformationen verwenden.  <\/p>\n\n<p>Wenn Sie unter 18 Jahre alt sind, Ihren Wohnsitz in Kalifornien haben und \u00fcber ein registriertes Konto auf den Seiten verf\u00fcgen, haben Sie das Recht, die Entfernung unerw\u00fcnschter Daten zu verlangen, die Sie \u00f6ffentlich auf den Seiten einstellen. Um die L\u00f6schung solcher Daten zu beantragen, wenden Sie sich bitte an die unten angegebenen Kontaktinformationen und geben Sie die Ihrem Konto zugeordnete E-Mail-Adresse sowie eine Erkl\u00e4rung an, dass Sie in Kalifornien wohnen. Wir werden sicherstellen, dass die Daten nicht \u00f6ffentlich auf den Websites angezeigt werden, aber bitte beachten Sie, dass die Daten m\u00f6glicherweise nicht vollst\u00e4ndig oder umfassend aus unseren Systemen entfernt werden.<\/p>\n\n<p id=\"policyupdates\"><strong>12. AKTUALISIEREN WIR DIESE RICHTLINIE?<\/strong><\/p>\n\n<p><strong>\n  <em>Kurz gefasst: <\/em>\n<\/strong><em>Ja, wir werden diese Richtlinie bei Bedarf aktualisieren, um den einschl\u00e4gigen Gesetzen gerecht zu werden.<\/em><\/p>\n\n<p>Wir k\u00f6nnen diese Datenschutzrichtlinie von Zeit zu Zeit aktualisieren. Die aktualisierte Version wird durch ein aktualisiertes &#8220;Revised&#8221;-Datum gekennzeichnet, und die aktualisierte Version wird wirksam, sobald sie zug\u00e4nglich ist. Wenn wir wesentliche \u00c4nderungen an dieser Datenschutzrichtlinie vornehmen, k\u00f6nnen wir Sie entweder durch einen deutlich sichtbaren Hinweis auf diese \u00c4nderungen oder durch direkte Zusendung einer Benachrichtigung dar\u00fcber informieren. Wir empfehlen Ihnen, diese Datenschutzrichtlinie regelm\u00e4\u00dfig zu lesen, um sich dar\u00fcber zu informieren, wie wir Ihre Daten sch\u00fctzen.  <\/p>\n\n<p id=\"contact\"><strong>13. WIE K\u00d6NNEN SIE UNS BEZ\u00dcGLICH DIESER POLITIK KONTAKTIEREN?<\/strong><\/p>\n\n<p>Wenn Sie Fragen oder Anmerkungen zu dieser Richtlinie haben, k\u00f6nnen Sie uns eine E-Mail an <a href=\"mailto:info@evolution-timecritical.com\">info@evolution-timecritical.com<\/a> oder per Post an folgende Adresse senden: Evolution Logistics Ltd C\/O Freeths Llp Routeco Office ParkDavy AvenueKnowlhill , Milton Keynes MK5 8HJ United Kingdom  <\/p>\n","protected":false},"excerpt":{"rendered":"<p>Zuletzt aktualisiert am 27. Juni 2019 Vielen Dank, dass Sie sich entschieden haben, Teil unserer Gemeinschaft bei Evolution Logistics Ltd , handelnd unter dem Namen Evolution Time Critical (&#8220;Evolution Time Critical&#8221;, &#8220;wir&#8221;, &#8220;uns&#8221; oder &#8220;unser&#8221;) zu sein. Wir verpflichten uns, Ihre pers\u00f6nlichen Daten und Ihr Recht auf Privatsph\u00e4re zu sch\u00fctzen. Wenn Sie Fragen oder Bedenken &hellip; <a href=\"https:\/\/evolution-timecritical.com\/de\/unterstuetzung\/datenschutzbestimmungen\/\">Continued<\/a><\/p>\n","protected":false},"author":1,"featured_media":0,"parent":209060,"menu_order":0,"comment_status":"closed","ping_status":"closed","template":"","meta":{"_acf_changed":false,"content-type":"","footnotes":""},"class_list":["post-209064","page","type-page","status-publish","hentry"],"acf":[],"_links":{"self":[{"href":"https:\/\/evolution-timecritical.com\/de\/wp-json\/wp\/v2\/pages\/209064","targetHints":{"allow":["GET"]}}],"collection":[{"href":"https:\/\/evolution-timecritical.com\/de\/wp-json\/wp\/v2\/pages"}],"about":[{"href":"https:\/\/evolution-timecritical.com\/de\/wp-json\/wp\/v2\/types\/page"}],"author":[{"embeddable":true,"href":"https:\/\/evolution-timecritical.com\/de\/wp-json\/wp\/v2\/users\/1"}],"replies":[{"embeddable":true,"href":"https:\/\/evolution-timecritical.com\/de\/wp-json\/wp\/v2\/comments?post=209064"}],"version-history":[{"count":2,"href":"https:\/\/evolution-timecritical.com\/de\/wp-json\/wp\/v2\/pages\/209064\/revisions"}],"predecessor-version":[{"id":229522,"href":"https:\/\/evolution-timecritical.com\/de\/wp-json\/wp\/v2\/pages\/209064\/revisions\/229522"}],"up":[{"embeddable":true,"href":"https:\/\/evolution-timecritical.com\/de\/wp-json\/wp\/v2\/pages\/209060"}],"wp:attachment":[{"href":"https:\/\/evolution-timecritical.com\/de\/wp-json\/wp\/v2\/media?parent=209064"}],"curies":[{"name":"wp","href":"https:\/\/api.w.org\/{rel}","templated":true}]}}